{"id":3,"date":"2025-07-10T12:41:41","date_gmt":"2025-07-10T12:41:41","guid":{"rendered":"https:\/\/dev.naherholung.traisen-goelsental.at\/?page_id=3"},"modified":"2025-09-14T07:40:43","modified_gmt":"2025-09-14T07:40:43","slug":"privacy-policy","status":"publish","type":"page","link":"https:\/\/dev.naherholung.traisen-goelsental.at\/?page_id=3","title":{"rendered":"Datenschutz"},"content":{"rendered":"<div class=\"fusion-fullwidth fullwidth-box fusion-builder-row-1 fusion-flex-container nonhundred-percent-fullwidth non-hundred-percent-height-scrolling\" style=\"--awb-border-radius-top-left:0px;--awb-border-radius-top-right:0px;--awb-border-radius-bottom-right:0px;--awb-border-radius-bottom-left:0px;--awb-flex-wrap:wrap;\" ><div class=\"fusion-builder-row fusion-row fusion-flex-align-items-flex-start fusion-flex-content-wrap\" style=\"max-width:1248px;margin-left: calc(-4% \/ 2 );margin-right: calc(-4% \/ 2 );\"><div class=\"fusion-layout-column fusion_builder_column fusion-builder-column-0 fusion_builder_column_1_1 1_1 fusion-flex-column\" style=\"--awb-bg-size:cover;--awb-width-large:100%;--awb-margin-top-large:0px;--awb-spacing-right-large:1.92%;--awb-margin-bottom-large:0px;--awb-spacing-left-large:1.92%;--awb-width-medium:100%;--awb-spacing-right-medium:1.92%;--awb-spacing-left-medium:1.92%;--awb-width-small:100%;--awb-spacing-right-small:1.92%;--awb-spacing-left-small:1.92%;\"><div class=\"fusion-column-wrapper fusion-flex-justify-content-flex-start fusion-content-layout-column\"><div class=\"fusion-text fusion-text-1\"><h1 class=\"fusion-responsive-typography-calculated\" data-fontsize=\"40\" data-lineheight=\"56px\">Datenschutzerkl\u00e4rung<\/h1>\n<p>Wir nehmen den Schutz Ihrer pers\u00f6nlichen Daten sehr ernst.<\/p>\n<p>Wir erheben und nutzen Daten streng nach den Vorgaben der Datenschutz Grundverordnung. Wir f\u00fchlen uns der Vertraulichkeit Ihrer personenbezogenen Daten verpflichtet und arbeiten deshalb innerhalb der gesetzlichen Grenzen. Die Erhebung ihrer personenbezogenen Daten erfolgt nur in dem erforderlichen Umfang. Ihre Daten werden nur auf ihren besonderen Wunsch hin an Dritte weitergeleitet. Dar\u00fcber hinaus erfolgt eine Weiterleitung an Dritte sofern gesetzliche Erfordernisse daf\u00fcr bestehen.<\/p>\n<p>Es werden nur solche personenbezogenen Daten erhoben, die aus unserer Sicht zur Auftragsabwicklung oder zur Beantwortung Ihrer Anfrage erforderlich sind, zur Erf\u00fcllung von vertraglichen Verpflichtungen, den Betrieb der Website sicherstellen sollen, f\u00fcr uns von berechtigtem Interesse sind oder zu denen Sie uns die Einwilligung zur Verarbeitung erteilt haben.<\/p>\n<p>Sofern Sie Ihre Einwilligung dazu erteilen, erheben wir Daten in dem von Ihnen freigegebenen Umfang. Nehmen Sie \u00fcber angebotene Kontaktm\u00f6glichkeiten Verbindung zu uns auf, werden Ihre Angaben gespeichert, damit auf diese zur Bearbeitung und Beantwortung Ihrer Anfrage zur\u00fcckgegriffen werden kann.<\/p>\n<p>Die Nutzung unserer Website ist normalerweise ohne die Angabe personenbezogener Daten m\u00f6glich. Soweit solche personenbezogenen Daten auf unserer Website erhoben werden, erfolgt dies, soweit m\u00f6glich, stets auf freiwilliger Basis. Diese von uns erhobenen Daten werden ohne Ihre ausdr\u00fcckliche Zustimmung nicht an Dritte weitergegeben.<\/p>\n<p>Wir m\u00f6chten an dieser Stelle nochmals darauf hinweisen, dass die Daten\u00fcbertragung im Internet, beispielsweise per E-Mail, Sicherheitsl\u00fccken aufweisen kann. Ein l\u00fcckenloser Schutz der Daten vor dem Zugriff durch Dritte kann nicht gew\u00e4hrleistet werden.<\/p>\n<p>Wir halten uns an die Grunds\u00e4tze der Datenvermeidung und Datensparsamkeit. Wir speichern ihre personenbezogenen Daten daher nur so lange, wie dies zur Erreichung der hier genannten Zwecke erforderlich ist oder wie es die vom Gesetzgeber vorgesehenen vielf\u00e4ltigen Speicherfristen vorsehen. Nach Fortfall des jeweiligen Zwecks bzw. Ablauf dieser Fristen werden die entsprechenden Daten routinem\u00e4\u00dfig und entsprechend den gesetzlichen Vorschriften gesperrt oder gel\u00f6scht.<\/p>\n<h2 class=\"fusion-responsive-typography-calculated\" data-fontsize=\"24\" data-lineheight=\"36px\">Begriffserkl\u00e4rungen<\/h2>\n<p>Der Ausdruck Website umfasst s\u00e4mtliche von uns unter der Domain erstellten Informationen.<\/p>\n<p>Bei der DSGVO handelt es sich um die Verordnung (EU) 2016\/679 des europ\u00e4ischen Parlaments und Rates vom 27.04.2016 zum Schutz nat\u00fcrlicher Personen bei der Verarbeitung personenbezogener Daten, zum freien Datenverkehr und zur Aufhebung der Richtlinie 95\/46\/EG (Datenschutz-Grundverordnung).<\/p>\n<p>Personenbezogene Daten sind nach Art. 4 Ziffer 1 DSGVO alle Informationen, die sich auf eine identifizierte oder identifizierbare nat\u00fcrliche Person beziehen; als identifizierbar wird eine nat\u00fcrliche Person angesehen, die direkt oder indirekt, insbesondere mittels Zuordnung zu einer Kennung wie einem Namen, zu einer Kennnummer, zu Standortdaten, zu einer Online-Kennung oder zu einem oder mehreren besonderen Merkmalen identifiziert werden kann, die Ausdruck des physischen, physiologischen genetischen, psychischen, wirtschaftlichen, kulturellen oder sozialen Identit\u00e4t dieser nat\u00fcrlichen Person sind.<\/p>\n<p>Verarbeitung im Sinne des Art. 4 Ziffer 2 DSGVO ist jeder mit oder ohne Hilfe automatisierter Verfahren ausgef\u00fchrte Vorgang oder jede solche Vorgangsreihe im Zusammenhang mit personenbezogenen Daten wie das Erheben, das Erfassen, die Organisation, das Ordnen, die Speicherung, die Anpassung oder Ver\u00e4nderung, das Auslesen, das Abfragen, die Verwendung, die Offenlegung durch \u00dcbermittlung, Verbreitung oder eine andere Form der Bereitstellung, den Abgleich oder die Verkn\u00fcpfung, die Einschr\u00e4nkung, das L\u00f6schen oder die Vernichtung.<\/p>\n<h2 class=\"fusion-responsive-typography-calculated\" data-fontsize=\"24\" data-lineheight=\"36px\">Allgemeine Daten<\/h2>\n<p>Unsere Website erfasst mit jedem Aufruf durch Sie oder ein automatisiertes System eine Reihe von allgemeinen Daten und Informationen. Diese Informationen und Daten werden in Log-Files des Servers gespeichert. Unter anderem kann es sich dabei um folgende Informationen handeln:<\/p>\n<ul>\n<li>verwendetes Browsersystem und Versionen des Anwenders<\/li>\n<li>verwendetes Betriebssystem des Anwenders<\/li>\n<li>die Internetseite von welcher der Anwender auf unsere Website gelangt<\/li>\n<li>die angesteuerten Unterwebseiten die vom Anwender auf unserer Website aufgerufen werden<\/li>\n<li>Datum und Uhrzeit des Aufrufs unserer jeweiligen Webseite<\/li>\n<li>IP-Adresse<\/li>\n<li>Internet-Service-Provider \u00fcber den der Anwender die Webseiten aufruft<\/li>\n<li>Daten und Informationen die der Gefahrenabwehr im Falle von Angriffen auf unser IT-System dienen<\/li>\n<\/ul>\n<p>Wir ziehen aus diesen Daten keine R\u00fcckschl\u00fcsse auf die betroffene Person. Die Informationen dienen lediglich dem Betrieb der Website, deren fortlaufender Funktionst\u00fcchtigkeit und deren Optimierung. Im Falle von rechtswidrigen Handlungen k\u00f6nnen diese Informationen den Ermittlungsbeh\u00f6rden zur Verf\u00fcgung gestellt werden. Nicht zuletzt k\u00f6nnen wir durch diese Informationen den Datenschutz fortw\u00e4hrend sicherstellen und erh\u00f6hen.<\/p>\n<h2 class=\"fusion-responsive-typography-calculated\" data-fontsize=\"24\" data-lineheight=\"36px\">Cookies<\/h2>\n<p>Unsere Website verwendet teilweise Cookies. Dies sind kleine Textdateien, die auf Ihrem Rechner abgelegt werden und die Ihr Browser speichert. Cookies richten auf Ihrem Rechner kein Schaden an und enthalten keine Viren. Cookies dienen dazu, unser Angebot nutzerfreundlicher effektiver und sicherer zu machen. Manche Cookies enthalten eine sogenannte Cookie-ID. Eine Cookie-ID ist eine eindeutige Kennung des jeweiligen Cookies. Die Kennung besteht aus einer Zeichenfolge, durch welche Internetseiten und Server dem konkreten Internetbrowser zugeordnet werden k\u00f6nnten, in dem das Cookie gespeichert wurde. Dies erm\u00f6glicht es den besuchten Internetseiten und Servern, den individuellen Browser der betroffenen Person von anderen Internetbrowsern, die andere Cookies enthalten, zu unterscheiden. Der jeweilige Browser kann so \u00fcber die eindeutige Cookie-ID wiedererkannt und identifiziert werden.<\/p>\n<p>Die meisten der von uns verwendeten Cookies sind so genannte \u201eFashion Cookies\u201c. Sie werden nach Ende Ihres Besuches automatisch gel\u00f6scht, andere Cookies bleiben auf Ihrem Endger\u00e4t gespeichert bis sie diese l\u00f6schen. Die Cookies erm\u00f6glichen es uns Ihren Browser beim n\u00e4chsten Besuch wiederzuerkennen.<\/p>\n<p>Sie k\u00f6nnen unsere Website auch nutzen, ohne dass Cookies verwendet werden. Sie k\u00f6nnen Ihren Browser so einstellen, dass Sie \u00fcber die Installation von Cookies informiert werden und solche nur im Einzelfall erlauben. Sie k\u00f6nnen dar\u00fcber hinaus die Annahme von Cookies f\u00fcr bestimmte F\u00e4lle oder generell ausschlie\u00dfen. Dar\u00fcber hinaus ist es m\u00f6glich beim Schlie\u00dfen des Browsers das automatische L\u00f6schen der Cookies auszuw\u00e4hlen.<\/p>\n<p>Die hierf\u00fcr notwendigen Einstellungen in dem von Ihnen verwendeten Internet Browser entnehmen Sie bitte der Hilfefunktion ihres jeweiligen Browsers oder der Dokumentation zu dem von Ihnen verwendeten Browser.<\/p>\n<p>Wir weisen darauf hin, dass sich das Ablehnen oder Anzeigen von Cookies auf die Funktionalit\u00e4t unserer Website auswirken kann.<\/p>\n<h2 class=\"fusion-responsive-typography-calculated\" data-fontsize=\"24\" data-lineheight=\"36px\">OpenStreetMap<\/h2>\n<p>Wir binden die Landkarten des Dienstes \u201eOpenStreetMap\u201c ein (<a href=\"https:\/\/www.openstreetmap.de\/\" target=\"_blank\" rel=\"nofollow noopener\">https:\/\/www.openstreetmap.de<\/a>), die auf Grundlage der Open Data Commons Open Database Lizenz (ODbL) durch die OpenStreetMap Foundation (OSMF) angeboten werden. Datenschutzerkl\u00e4rung: <a href=\"https:\/\/wiki.osmfoundation.org\/wiki\/Privacy_Policy\" target=\"_blank\" rel=\"nofollow noopener\">https:\/\/wiki.openstreetmap.org\/wiki\/Privacy_Policy<\/a>). Nach unserer Kenntnis werden die Daten der Nutzer durch OpenStreetMap ausschlie\u00dflich zu Zwecken der Darstellung der Kartenfunktionen und Zwischenspeicherung der gew\u00e4hlten Einstellungen verwendet. Zu diesen Daten k\u00f6nnen insbesondere IP-Adressen und Standortdaten der Nutzer geh\u00f6ren, die jedoch nicht ohne deren Einwilligung (im Regelfall im Rahmen der Einstellungen ihrer Mobilger\u00e4te vollzogen), erhoben werden. Die Daten k\u00f6nnen in den USA verarbeitet werden. Weitere Informationen k\u00f6nnen Sie der Datenschutzerkl\u00e4rung von OpenStreetMap entnehmen: <a href=\"https:\/\/wiki.osmfoundation.org\/wiki\/Privacy_Policy\" target=\"_blank\" rel=\"nofollow noopener\">https:\/\/wiki.openstreetmap.org\/wiki\/Privacy_Policy<\/a>.<\/p>\n<h2 class=\"fusion-responsive-typography-calculated\" data-fontsize=\"24\" data-lineheight=\"36px\">Ihre Rechte<\/h2>\n<p>Die Auskunft \u00fcber die von uns gespeicherten personenbezogenen Daten zu ihrer Person erhalten Sie auf Ihre Anfrage. Die Auskunftserteilung ist f\u00fcr Sie kostenfrei.<\/p>\n<p>Dar\u00fcber hinaus haben Sie das Recht, die Berichtigung Ihrer Daten zu verlangen. Dies beinhaltet das Recht auf Vervollst\u00e4ndigung (Vervollst\u00e4ndigung des Datensatzes selbst; Vervollst\u00e4ndigung mittels erg\u00e4nzender Erkl\u00e4rung) unvollst\u00e4ndiger personenbezogener Daten unter Ber\u00fccksichtigung der Verarbeitungszwecke.<\/p>\n<p>Ferner besteht ein Recht auf L\u00f6schung Ihrer Daten. Die L\u00f6schung wird auf Ihren Wunsch hin unverz\u00fcglich erfolgen. Dies gilt nicht f\u00fcr Daten, die aufgrund gesetzlicher Vorschriften aufbewahrt werden m\u00fcssen oder zur Abwicklung des Auftrages noch ben\u00f6tigt werden. Mit Entfallen des Zwecks zur Datenerhebung oder dem Ende einer gesetzlich vorgesehenen Speicherfrist werden Ihre Daten gel\u00f6scht. Das Recht zur L\u00f6schung sieht vor, dass wir daf\u00fcr Sorge tragen, dass auf Ihr Verlangen hin die Daten auch bei Dritten gel\u00f6scht werden. Zu diesem Zweck wird der Dritte \u00fcber Ihren Namen (zwecks Zuordnung) und dem jeweiligen L\u00f6schungsverlangen aller Links, Kopien und Replikation informiert.<\/p>\n<p>Es besteht zudem ein Recht auf Sperrung Ihrer bei uns gespeicherten personenbezogenen Daten. Beim Sperren werden die von Ihnen gespeicherten personenbezogenen Daten gekennzeichnet, um deren weitere Verarbeitung und Nutzung einzuschr\u00e4nken. Sofern das L\u00f6schen Ihrer Daten aufgrund gesetzlicher, satzungsm\u00e4\u00dfiger oder vertraglicher Aufbewahrungsfristen nicht m\u00f6glich ist werden wir Ihre Daten ebenfalls sperren und Sie dar\u00fcber auch informieren. Sofern Sie die Richtigkeit Ihrer Daten bestreiten, werden wir diese bis zur endg\u00fcltigen Kl\u00e4rung \u00fcber die Richtigkeit ebenfalls sperren. Sofern Grund zu der Annahme besteht, dass Ihre schutzw\u00fcrdigen Interessen durch die L\u00f6schung beeintr\u00e4chtigt werden, werden wir ebenfalls statt einer L\u00f6schung die Sperrung der Daten vornehmen.<\/p>\n<p>Ferner besteht ein Recht auf Einschr\u00e4nkung der Verarbeitung. Dies besteht dann, wenn die Richtigkeit der bei uns gespeicherten Daten infrage steht.<\/p>\n<p>Daneben steht Ihnen ein Widerspruchsrecht gegen die Verarbeitung zu. Zudem besteht ein Recht zur Beschwerde bei der Aufsichtsbeh\u00f6rde.<\/p>\n<h2 class=\"fusion-responsive-typography-calculated\" data-fontsize=\"24\" data-lineheight=\"36px\">\u00c4nderungen unserer Datenschutzbestimmungen<\/h2>\n<p>Wir behalten uns vor, diese Datenschutzerkl\u00e4rung sofern notwendig anzupassen, damit sie stets den aktuellen rechtlichen Anforderungen entspricht oder um \u00c4nderungen unserer Leistung in der Datenschutzerkl\u00e4rung umzusetzen.<\/p>\n<h2 class=\"fusion-responsive-typography-calculated\" data-fontsize=\"24\" data-lineheight=\"36px\">Verantwortliche im Sinne der Datenschutz-Grundverordnung:<\/h2>\n<p>Ing. Mag. (FH) Roland Beck<br \/>Kleinregionsmanager<br \/>Gesch\u00e4ftsf\u00fchrer Traisen-G\u00f6lsental Regionalentwicklungs GmbH<\/p>\n<\/div><div ><a class=\"fusion-button button-flat fusion-button-default-size button-default fusion-button-default button-1 fusion-button-default-span fusion-button-default-type\" style=\"--button_margin-bottom:25px;\" target=\"_self\" href=\"mailto:roland.beck@traisen-goelsental.at\"><span class=\"fusion-button-text awb-button__text awb-button__text--default\">roland.beck@traisen-goelsental.at<\/span><\/a><\/div><div ><a class=\"fusion-button button-flat fusion-button-default-size button-default fusion-button-default button-2 fusion-button-default-span fusion-button-default-type\" target=\"_self\" href=\"tel+436803013528\"><span class=\"fusion-button-text awb-button__text awb-button__text--default\">+43(0)680 301 3528<\/span><\/a><\/div><\/div><\/div><\/div><\/div>\n","protected":false},"excerpt":{"rendered":"","protected":false},"author":1,"featured_media":0,"parent":0,"menu_order":0,"comment_status":"closed","ping_status":"open","template":"","meta":{"_acf_changed":false,"footnotes":""},"class_list":["post-3","page","type-page","status-publish","hentry"],"acf":[],"_links":{"self":[{"href":"https:\/\/dev.naherholung.traisen-goelsental.at\/index.php?rest_route=\/wp\/v2\/pages\/3","targetHints":{"allow":["GET"]}}],"collection":[{"href":"https:\/\/dev.naherholung.traisen-goelsental.at\/index.php?rest_route=\/wp\/v2\/pages"}],"about":[{"href":"https:\/\/dev.naherholung.traisen-goelsental.at\/index.php?rest_route=\/wp\/v2\/types\/page"}],"author":[{"embeddable":true,"href":"https:\/\/dev.naherholung.traisen-goelsental.at\/index.php?rest_route=\/wp\/v2\/users\/1"}],"replies":[{"embeddable":true,"href":"https:\/\/dev.naherholung.traisen-goelsental.at\/index.php?rest_route=%2Fwp%2Fv2%2Fcomments&post=3"}],"version-history":[{"count":3,"href":"https:\/\/dev.naherholung.traisen-goelsental.at\/index.php?rest_route=\/wp\/v2\/pages\/3\/revisions"}],"predecessor-version":[{"id":456,"href":"https:\/\/dev.naherholung.traisen-goelsental.at\/index.php?rest_route=\/wp\/v2\/pages\/3\/revisions\/456"}],"wp:attachment":[{"href":"https:\/\/dev.naherholung.traisen-goelsental.at\/index.php?rest_route=%2Fwp%2Fv2%2Fmedia&parent=3"}],"curies":[{"name":"wp","href":"https:\/\/api.w.org\/{rel}","templated":true}]}}